{"id":229,"date":"2015-02-08T18:44:21","date_gmt":"2015-02-08T18:44:21","guid":{"rendered":"http:\/\/general.sio57.info\/wp\/?page_id=229"},"modified":"2015-09-07T16:20:32","modified_gmt":"2015-09-07T16:20:32","slug":"cours","status":"publish","type":"page","link":"https:\/\/general.sio57.info\/wp\/?page_id=229","title":{"rendered":"Les Cours"},"content":{"rendered":"<p>Les cours de syst\u00e8mes et r\u00e9seaux du BTS SIO organis\u00e9s en fonction du r\u00e9f\u00e9rentiel.\u00a0Avec les savoirs Si1, Si 2, Sisr1, Sisr2,\u00a0Sisr3,\u00a0Sisr4,\u00a0Sisr5 simplement (et incompl\u00e8tement).<\/p>\n<p>Le <a title=\"Site du Certa\" href=\"http:\/\/www.reseaucerta.org\/BTS%20SIO\" target=\"_blank\">certa <\/a>est le site de r\u00e9f\u00e9rence du BTS. Cependant un r\u00e9sum\u00e9 de ce qui est attendu est parfois donn\u00e9 dans les cat\u00e9gories de savoirs.<\/p>\n<p>Une partie int\u00e9ressante est la mise en place du contexte pour la pr\u00e9paration de l&rsquo;epreuve<\/p>\n<p>Un document sur la pr\u00e9paration de E6\u00a0<a href=\"http:\/\/general.sio57.info\/wp\/?p=621\">http:\/\/general.sio57.info\/wp\/?p=621<\/a><\/p>\n<p>&nbsp;<\/p>\n","protected":false},"excerpt":{"rendered":"<p>Les cours de syst\u00e8mes et r\u00e9seaux du BTS SIO organis\u00e9s en fonction du r\u00e9f\u00e9rentiel.\u00a0Avec les savoirs Si1, Si 2, Sisr1, Sisr2,\u00a0Sisr3,\u00a0Sisr4,\u00a0Sisr5 simplement (et incompl\u00e8tement). Le certa est le site de r\u00e9f\u00e9rence du BTS. Cependant un r\u00e9sum\u00e9 de ce qui est attendu est parfois donn\u00e9 dans les cat\u00e9gories de savoirs. Une partie int\u00e9ressante est la mise [&hellip;]<\/p>\n","protected":false},"author":1,"featured_media":0,"parent":0,"menu_order":0,"comment_status":"open","ping_status":"open","template":"","meta":{"footnotes":""},"class_list":["post-229","page","type-page","status-publish","hentry"],"_links":{"self":[{"href":"https:\/\/general.sio57.info\/wp\/index.php?rest_route=\/wp\/v2\/pages\/229","targetHints":{"allow":["GET"]}}],"collection":[{"href":"https:\/\/general.sio57.info\/wp\/index.php?rest_route=\/wp\/v2\/pages"}],"about":[{"href":"https:\/\/general.sio57.info\/wp\/index.php?rest_route=\/wp\/v2\/types\/page"}],"author":[{"embeddable":true,"href":"https:\/\/general.sio57.info\/wp\/index.php?rest_route=\/wp\/v2\/users\/1"}],"replies":[{"embeddable":true,"href":"https:\/\/general.sio57.info\/wp\/index.php?rest_route=%2Fwp%2Fv2%2Fcomments&post=229"}],"version-history":[{"count":9,"href":"https:\/\/general.sio57.info\/wp\/index.php?rest_route=\/wp\/v2\/pages\/229\/revisions"}],"predecessor-version":[{"id":625,"href":"https:\/\/general.sio57.info\/wp\/index.php?rest_route=\/wp\/v2\/pages\/229\/revisions\/625"}],"wp:attachment":[{"href":"https:\/\/general.sio57.info\/wp\/index.php?rest_route=%2Fwp%2Fv2%2Fmedia&parent=229"}],"curies":[{"name":"wp","href":"https:\/\/api.w.org\/{rel}","templated":true}]}}